{"id":4592,"date":"2016-03-13T21:30:28","date_gmt":"2016-03-13T20:30:28","guid":{"rendered":"http:\/\/apreng.eu\/de\/referencni-produkty\/"},"modified":"2018-05-13T18:28:21","modified_gmt":"2018-05-13T17:28:21","slug":"referenzprodukte","status":"publish","type":"page","link":"https:\/\/apreng.eu\/de\/referenzprodukte\/","title":{"rendered":"REFERENZPRODUKTE"},"content":{"rendered":"<p>[vc_row content_width=&#8220;grid&#8220;][vc_column]<link href=\"https:\/\/fonts.googleapis.com\/css?family=Open+Sans:700%2C600\" rel=\"stylesheet\" property=\"stylesheet\" type=\"text\/css\" media=\"all\">\n<div id=\"rev_slider_13_1_wrapper\" class=\"rev_slider_wrapper fullwidthbanner-container\" data-source=\"gallery\" style=\"margin:0px auto;background:transparent;padding:0px;margin-top:0px;margin-bottom:0px;\">\n<!-- START REVOLUTION SLIDER 5.4.7.2 fullwidth mode -->\n\t<div id=\"rev_slider_13_1\" class=\"rev_slider fullwidthabanner\" style=\"display:none;\" data-version=\"5.4.7.2\">\n<ul>\t<!-- SLIDE  -->\n\t<li data-index=\"rs-13\" data-transition=\"notransition\" data-slotamount=\"default\" data-hideafterloop=\"0\" data-hideslideonmobile=\"off\"  data-easein=\"default\" data-easeout=\"default\" data-masterspeed=\"default\"  data-thumb=\"https:\/\/apreng.eu\/wp-content\/uploads\/2016\/03\/apreng-callout-01.jpg\"  data-rotate=\"0\"  data-saveperformance=\"off\"  data-title=\"Slide\" data-param1=\"\" data-param2=\"\" data-param3=\"\" data-param4=\"\" data-param5=\"\" data-param6=\"\" data-param7=\"\" data-param8=\"\" data-param9=\"\" data-param10=\"\" data-description=\"\">\n\t\t<!-- MAIN IMAGE -->\n\t\t<img loading=\"lazy\" decoding=\"async\" src=\"https:\/\/apreng.eu\/wp-content\/uploads\/2016\/03\/apreng-callout-01.jpg\"  alt=\"\" title=\"apreng-callout-01\"  width=\"1920\" height=\"569\" data-bgposition=\"center center\" data-bgfit=\"cover\" data-bgrepeat=\"no-repeat\" class=\"rev-slidebg\" data-no-retina>\n\t\t<!-- LAYERS -->\n\n\t\t<!-- LAYER NR. 1 -->\n\t\t<h1 class=\"tp-caption News-Title   tp-resizeme\" \n\t\t\t id=\"slide-13-layer-1\" \n\t\t\t data-x=\"50\" \n\t\t\t data-y=\"107\" \n\t\t\t\t\t\tdata-width=\"['830']\"\n\t\t\tdata-height=\"['61']\"\n \n\t\t\tdata-type=\"text\" \n\t\t\tdata-responsive_offset=\"on\" \n\n\t\t\tdata-frames='[{\"from\":\"opacity:0;\",\"speed\":300,\"to\":\"o:1;\",\"delay\":0,\"ease\":\"Power2.easeInOut\"},{\"delay\":\"wait\",\"speed\":300,\"to\":\"opacity:0;\",\"ease\":\"nothing\"}]'\n\t\t\tdata-textAlign=\"['left','left','left','left']\"\n\t\t\tdata-paddingtop=\"[0,0,0,0]\"\n\t\t\tdata-paddingright=\"[0,0,0,0]\"\n\t\t\tdata-paddingbottom=\"[0,0,0,0]\"\n\t\t\tdata-paddingleft=\"[0,0,0,0]\"\n\n\t\t\tstyle=\"z-index: 5; min-width: 830px; max-width: 830px; max-width: 61px; max-width: 61px; white-space: normal; font-size: px; font-weight: 700;font-family:Open Sans;\">REFERENZPRODUKTE <\/h1>\n\n\t\t<!-- LAYER NR. 2 -->\n\t\t<div class=\"tp-caption   tp-resizeme\" \n\t\t\t id=\"slide-13-layer-2\" \n\t\t\t data-x=\"59\" \n\t\t\t data-y=\"207\" \n\t\t\t\t\t\tdata-width=\"['757']\"\n\t\t\tdata-height=\"['61']\"\n \n\t\t\tdata-type=\"text\" \n\t\t\tdata-responsive_offset=\"on\" \n\n\t\t\tdata-frames='[{\"from\":\"opacity:0;\",\"speed\":300,\"to\":\"o:1;\",\"delay\":0,\"ease\":\"Power2.easeInOut\"},{\"delay\":\"wait\",\"speed\":300,\"to\":\"opacity:0;\",\"ease\":\"nothing\"}]'\n\t\t\tdata-textAlign=\"['left','left','left','left']\"\n\t\t\tdata-paddingtop=\"[0,0,0,0]\"\n\t\t\tdata-paddingright=\"[0,0,0,0]\"\n\t\t\tdata-paddingbottom=\"[0,0,0,0]\"\n\t\t\tdata-paddingleft=\"[0,0,0,0]\"\n\n\t\t\tstyle=\"z-index: 6; min-width: 757px; max-width: 757px; max-width: 61px; max-width: 61px; white-space: normal; font-size: 20px; line-height: 30px; font-weight: 600; color: rgba(255,255,255,1);font-family:Open Sans;\"><div style=\"text-align: justify;\">Die Anforderung eines jeden Kunden ist spezifisch, und das angebotene Produkt muss genau seinem Bedarf entsprechen.<\/div> <\/div>\n\t<\/li>\n<\/ul>\n<div class=\"tp-bannertimer tp-bottom\" style=\"visibility: hidden !important;\"><\/div>\t<\/div>\n<script>var htmlDiv = document.getElementById(\"rs-plugin-settings-inline-css\"); var htmlDivCss=\".tp-caption.News-Title,.News-Title{color:rgba(255,255,255,1.00);font-size:70px;line-height:60px;font-weight:400;font-style:normal;font-family:Roboto Slab;text-decoration:none;background-color:transparent;border-color:transparent;border-style:none;border-width:0px;border-radius:0px 0px 0px 0px}\";\r\n\t\t\t\tif(htmlDiv) {\r\n\t\t\t\t\thtmlDiv.innerHTML = htmlDiv.innerHTML + htmlDivCss;\r\n\t\t\t\t}else{\r\n\t\t\t\t\tvar htmlDiv = document.createElement(\"div\");\r\n\t\t\t\t\thtmlDiv.innerHTML = \"<style>\" + htmlDivCss + \"<\/style>\";\r\n\t\t\t\t\tdocument.getElementsByTagName(\"head\")[0].appendChild(htmlDiv.childNodes[0]);\r\n\t\t\t\t}\r\n\t\t\t<\/script>\n\t\t<script type=\"text\/javascript\">\r\nif (setREVStartSize!==undefined) setREVStartSize(\r\n\t{c: '#rev_slider_13_1', gridwidth: [1345], gridheight: [440], sliderLayout: 'fullwidth'});\r\n\t\t\t\r\nvar revapi13,\r\n\ttpj;\t\r\n(function() {\t\t\t\r\n\tif (!\/loaded|interactive|complete\/.test(document.readyState)) document.addEventListener(\"DOMContentLoaded\",onLoad); else onLoad();\t\r\n\tfunction onLoad() {\t\t\t\t\r\n\t\tif (tpj===undefined) { tpj = jQuery; if(\"off\" == \"on\") tpj.noConflict();}\r\n\tif(tpj(\"#rev_slider_13_1\").revolution == undefined){\n\t\trevslider_showDoubleJqueryError(\"#rev_slider_13_1\");\n\t}else{\n\t\trevapi13 = tpj(\"#rev_slider_13_1\").show().revolution({\n\t\t\tsliderType:\"hero\",\n\t\t\tjsFileLocation:\"\/\/apreng.eu\/wp-content\/plugins\/revslider\/public\/assets\/js\/\",\n\t\t\tsliderLayout:\"fullwidth\",\n\t\t\tdottedOverlay:\"none\",\n\t\t\tdelay:9000,\n\t\t\tvisibilityLevels:[1240,1024,778,480],\n\t\t\tgridwidth:1345,\n\t\t\tgridheight:440,\n\t\t\tlazyType:\"none\",\n\t\t\tshadow:0,\n\t\t\tspinner:\"off\",\n\t\t\tautoHeight:\"off\",\n\t\t\tdisableProgressBar:\"on\",\n\t\t\thideThumbsOnMobile:\"on\",\n\t\t\thideSliderAtLimit:0,\n\t\t\thideCaptionAtLimit:0,\n\t\t\thideAllCaptionAtLilmit:0,\n\t\t\tdebugMode:false,\n\t\t\tfallbacks: {\n\t\t\t\tsimplifyAll:\"off\",\n\t\t\t\tdisableFocusListener:false,\n\t\t\t}\n\t\t});\n\t}; \/* END OF revapi call *\/\n\t\n }; \/* END OF ON LOAD FUNCTION *\/\r\n}()); \/* END OF WRAPPING FUNCTION *\/\r\n<\/script>\r\n\t\t<\/div><!-- END REVOLUTION SLIDER -->[vc_empty_space height=&#8220;60px&#8220;][vc_column_text]<\/p>\n<p style=\"text-align: justify;\">Die Anforderung eines jeden Kunden ist spezifisch, und das angebotene Produkt muss genau seinem Bedarf entsprechen. Es w\u00e4re schwierig, alle Produkte vorzustellen, die wir unseren Partnern anbieten k\u00f6nnen. F\u00fcr die Vorstellung w\u00e4hlten wir wenigstens einige Referenzprodukte aus. Falls sie in diesem Verzeichnis nicht den von ihnen verlangten Produkttyp finden, senden Sie uns bitte eine R\u00fcckfrage mit der einfacher Spezifikation, und wir antworten Ihnen umgehend.<\/p>\n<p>[\/vc_column_text][vc_empty_space height=&#8220;60px&#8220;][\/vc_column][\/vc_row][vc_row content_width=&#8220;grid&#8220;][vc_column width=&#8220;1\/3&#8243;][vc_single_image image=&#8220;4768&#8243; img_size=&#8220;medium&#8220; alignment=&#8220;center&#8220; onclick=&#8220;link_image&#8220;][vc_column_text]<\/p>\n<p style=\"text-align: center;\">Verzahnte Wellen und Zahnr\u00e4der<\/p>\n<p>[\/vc_column_text][\/vc_column][vc_column width=&#8220;1\/3&#8243;][vc_single_image image=&#8220;4770&#8243; img_size=&#8220;medium&#8220; alignment=&#8220;center&#8220; onclick=&#8220;link_image&#8220;][vc_column_text]<\/p>\n<p style=\"text-align: center;\">Pr\u00e4zise Drehteile<\/p>\n<p>[\/vc_column_text][\/vc_column][vc_column width=&#8220;1\/3&#8243;][vc_single_image image=&#8220;4769&#8243; img_size=&#8220;medium&#8220; alignment=&#8220;center&#8220; onclick=&#8220;link_image&#8220;][vc_column_text]<\/p>\n<p style=\"text-align: center;\">Hydraulikzylinder und Hydraulikelemente<\/p>\n<p>[\/vc_column_text][\/vc_column][\/vc_row][vc_row content_width=&#8220;grid&#8220;][vc_column][vc_empty_space height=&#8220;70px&#8220;][\/vc_column][\/vc_row][vc_row content_width=&#8220;grid&#8220;][vc_column width=&#8220;1\/3&#8243;][vc_single_image image=&#8220;4755&#8243; img_size=&#8220;medium&#8220; alignment=&#8220;center&#8220; onclick=&#8220;link_image&#8220;][vc_column_text]<\/p>\n<p style=\"text-align: center;\">Wellen\/Achsen\/Spindeln<\/p>\n<p>[\/vc_column_text][\/vc_column][vc_column width=&#8220;1\/3&#8243;][vc_single_image image=&#8220;4757&#8243; img_size=&#8220;medium&#8220; alignment=&#8220;center&#8220; onclick=&#8220;link_image&#8220;][vc_column_text]<\/p>\n<p style=\"text-align: center;\">Zapfen<\/p>\n<p>[\/vc_column_text][\/vc_column][vc_column width=&#8220;1\/3&#8243;][vc_single_image image=&#8220;5022&#8243; img_size=&#8220;medium&#8220; alignment=&#8220;center&#8220; onclick=&#8220;link_image&#8220;][vc_column_text]<\/p>\n<p style=\"text-align: center;\">Bolzen<\/p>\n<p>[\/vc_column_text][\/vc_column][\/vc_row][vc_row content_width=&#8220;grid&#8220;][vc_column][vc_empty_space height=&#8220;70px&#8220;][\/vc_column][\/vc_row][vc_row content_width=&#8220;grid&#8220;][vc_column width=&#8220;1\/3&#8243;][vc_single_image image=&#8220;4732&#8243; img_size=&#8220;medium&#8220; alignment=&#8220;center&#8220; onclick=&#8220;link_image&#8220;][vc_column_text]<\/p>\n<p style=\"text-align: center;\">Gro\u00dfe Schwei\u00dfst\u00fccke<\/p>\n<p>[\/vc_column_text][\/vc_column][vc_column width=&#8220;1\/3&#8243;][vc_single_image image=&#8220;4771&#8243; img_size=&#8220;medium&#8220; alignment=&#8220;center&#8220; onclick=&#8220;link_image&#8220;][vc_column_text]<\/p>\n<p style=\"text-align: center;\">Gefr\u00e4ste Teile<\/p>\n<p>[\/vc_column_text][\/vc_column][vc_column width=&#8220;1\/3&#8243;][vc_single_image image=&#8220;5048&#8243; img_size=&#8220;medium&#8220; alignment=&#8220;center&#8220; onclick=&#8220;link_image&#8220;][vc_column_text]<\/p>\n<p style=\"text-align: center;\">(CNC) Fr\u00e4steile<\/p>\n<p>[\/vc_column_text][\/vc_column][\/vc_row][vc_row content_width=&#8220;grid&#8220;][vc_column][vc_empty_space height=&#8220;70px&#8220;][\/vc_column][\/vc_row][vc_row content_width=&#8220;grid&#8220;][vc_column width=&#8220;1\/3&#8243;][vc_single_image image=&#8220;4407&#8243; img_size=&#8220;medium&#8220; alignment=&#8220;center&#8220; onclick=&#8220;link_image&#8220;][vc_column_text]<\/p>\n<p style=\"text-align: center;\">CNC Gefr\u00e4ste Teile<\/p>\n<p>[\/vc_column_text][\/vc_column][vc_column width=&#8220;1\/3&#8243;][vc_single_image image=&#8220;3477&#8243; img_size=&#8220;medium&#8220; alignment=&#8220;center&#8220; onclick=&#8220;link_image&#8220;][vc_column_text]<\/p>\n<p style=\"text-align: center;\">CNC Gefr\u00e4ste Teile<\/p>\n<p>[\/vc_column_text][\/vc_column][vc_column width=&#8220;1\/3&#8243;][vc_single_image image=&#8220;3479&#8243; img_size=&#8220;medium&#8220; alignment=&#8220;center&#8220; onclick=&#8220;link_image&#8220;][vc_column_text]<\/p>\n<p style=\"text-align: center;\">CNC Gefr\u00e4ste Teile<\/p>\n<p>[\/vc_column_text][\/vc_column][\/vc_row][vc_row content_width=&#8220;grid&#8220;][vc_column][vc_empty_space height=&#8220;70px&#8220;][\/vc_column][\/vc_row][vc_row content_width=&#8220;grid&#8220;][vc_column width=&#8220;1\/3&#8243;][vc_single_image image=&#8220;5049&#8243; img_size=&#8220;medium&#8220; alignment=&#8220;center&#8220; onclick=&#8220;link_image&#8220;][vc_column_text]<\/p>\n<p style=\"text-align: center;\">Al Teile<\/p>\n<p>[\/vc_column_text][\/vc_column][vc_column width=&#8220;1\/3&#8243;][vc_single_image image=&#8220;5050&#8243; img_size=&#8220;medium&#8220; alignment=&#8220;center&#8220; onclick=&#8220;link_image&#8220;][vc_column_text]<\/p>\n<p style=\"text-align: center;\">Wellen\/Achsen\/Spindeln<\/p>\n<p>[\/vc_column_text][\/vc_column][vc_column width=&#8220;1\/3&#8243;][vc_single_image image=&#8220;5038&#8243; img_size=&#8220;medium&#8220; alignment=&#8220;center&#8220; onclick=&#8220;link_image&#8220;][vc_column_text]<\/p>\n<p style=\"text-align: center;\">pr\u00e4zise bearbeitete Schwei\u03b2teile<\/p>\n<p>[\/vc_column_text][\/vc_column][\/vc_row][vc_row content_width=&#8220;grid&#8220;][vc_column][vc_empty_space height=&#8220;70px&#8220;][\/vc_column][\/vc_row][vc_row content_width=&#8220;grid&#8220;][vc_column width=&#8220;1\/3&#8243;][vc_single_image image=&#8220;5052&#8243; img_size=&#8220;medium&#8220; alignment=&#8220;center&#8220; onclick=&#8220;link_image&#8220;][vc_column_text]<\/p>\n<p style=\"text-align: center;\">pr\u00e4zise bearbeitete Schwei\u03b2teile<\/p>\n<p>[\/vc_column_text][\/vc_column][vc_column width=&#8220;1\/3&#8243;][vc_single_image image=&#8220;5051&#8243; img_size=&#8220;medium&#8220; alignment=&#8220;center&#8220; onclick=&#8220;link_image&#8220;][vc_column_text]<\/p>\n<p style=\"text-align: center;\">pr\u00e4zise bearbeitete Schwei\u03b2teile<\/p>\n<p>[\/vc_column_text][\/vc_column][vc_column width=&#8220;1\/3&#8243;][vc_single_image image=&#8220;5053&#8243; img_size=&#8220;medium&#8220; alignment=&#8220;center&#8220; onclick=&#8220;link_image&#8220;][vc_column_text]<\/p>\n<p style=\"text-align: center;\">Pr\u00e4zise Drehteile<\/p>\n<p>[\/vc_column_text][\/vc_column][\/vc_row][vc_row content_width=&#8220;grid&#8220;][vc_column][vc_empty_space height=&#8220;70px&#8220;][\/vc_column][\/vc_row][vc_row content_width=&#8220;grid&#8220;][vc_column width=&#8220;1\/3&#8243;][vc_single_image image=&#8220;5056&#8243; img_size=&#8220;medium&#8220; alignment=&#8220;center&#8220; onclick=&#8220;link_image&#8220;][vc_column_text]<\/p>\n<p style=\"text-align: center;\">gro\u03b2e Wellen\/Achsen mit Tiefbohrung<\/p>\n<p>[\/vc_column_text][\/vc_column][vc_column width=&#8220;1\/3&#8243;][vc_single_image image=&#8220;5054&#8243; img_size=&#8220;medium&#8220; alignment=&#8220;center&#8220; onclick=&#8220;link_image&#8220;][vc_column_text]<\/p>\n<p style=\"text-align: center;\">gro\u03b2e bearbeitete Schwei\u03b2teile<\/p>\n<p>[\/vc_column_text][\/vc_column][vc_column width=&#8220;1\/3&#8243;][vc_single_image image=&#8220;5055&#8243; img_size=&#8220;medium&#8220; alignment=&#8220;center&#8220; onclick=&#8220;link_image&#8220;][vc_column_text]<\/p>\n<p style=\"text-align: center;\">gro\u03b2e Schwei\u03b2teile<\/p>\n<p>[\/vc_column_text][\/vc_column][\/vc_row][vc_row content_width=&#8220;grid&#8220;][vc_column][vc_empty_space height=&#8220;50px&#8220;][\/vc_column][\/vc_row][vc_row css=&#8220;.vc_custom_1458596727105{background-image: url(https:\/\/apreng.eu\/wp-content\/uploads\/2015\/10\/callout-odeslat-poptavku.jpg?id=4426) !important;background-position: center !important;background-repeat: no-repeat !important;background-size: cover !important;}&#8220;][vc_column]<link href=\"https:\/\/fonts.googleapis.com\/css?family=Open+Sans:700%2C600%2C400\" rel=\"stylesheet\" property=\"stylesheet\" type=\"text\/css\" media=\"all\">\n<div id=\"rev_slider_20_2_wrapper\" class=\"rev_slider_wrapper fullwidthbanner-container\" data-source=\"gallery\" style=\"margin:0px auto;background:transparent;padding:0px;margin-top:0px;margin-bottom:0px;\">\n<!-- START REVOLUTION SLIDER 5.4.7.2 fullwidth mode -->\n\t<div id=\"rev_slider_20_2\" class=\"rev_slider fullwidthabanner\" style=\"display:none;\" data-version=\"5.4.7.2\">\n<ul>\t<!-- SLIDE  -->\n\t<li data-index=\"rs-20\" data-transition=\"notransition\" data-slotamount=\"default\" data-hideafterloop=\"0\" data-hideslideonmobile=\"off\"  data-easein=\"default\" data-easeout=\"default\" data-masterspeed=\"default\"  data-thumb=\"https:\/\/apreng.eu\/wp-content\/uploads\/2015\/10\/callout-odeslat-poptavku-100x50.jpg\"  data-rotate=\"0\"  data-saveperformance=\"off\"  data-title=\"Slide\" data-param1=\"\" data-param2=\"\" data-param3=\"\" data-param4=\"\" data-param5=\"\" data-param6=\"\" data-param7=\"\" data-param8=\"\" data-param9=\"\" data-param10=\"\" data-description=\"\">\n\t\t<!-- MAIN IMAGE -->\n\t\t<img loading=\"lazy\" decoding=\"async\" src=\"https:\/\/apreng.eu\/wp-content\/uploads\/2015\/10\/callout-odeslat-poptavku.jpg\"  alt=\"\"  width=\"1920\" height=\"486\" data-bgposition=\"center center\" data-bgfit=\"cover\" data-bgrepeat=\"no-repeat\" class=\"rev-slidebg\" data-no-retina>\n\t\t<!-- LAYERS -->\n\n\t\t<!-- LAYER NR. 1 -->\n\t\t<div class=\"tp-caption News-Title   tp-resizeme\" \n\t\t\t id=\"slide-20-layer-1\" \n\t\t\t data-x=\"46\" \n\t\t\t data-y=\"65\" \n\t\t\t\t\t\tdata-width=\"['738']\"\n\t\t\tdata-height=\"['111']\"\n \n\t\t\tdata-type=\"text\" \n\t\t\tdata-responsive_offset=\"on\" \n\n\t\t\tdata-frames='[{\"delay\":0,\"speed\":220,\"frame\":\"0\",\"from\":\"opacity:0;\",\"to\":\"o:1;\",\"ease\":\"Power2.easeInOut\"},{\"delay\":\"wait\",\"speed\":300,\"frame\":\"999\",\"to\":\"opacity:0;\",\"ease\":\"nothing\"}]'\n\t\t\tdata-textAlign=\"['left','left','left','left']\"\n\t\t\tdata-paddingtop=\"[0,0,0,0]\"\n\t\t\tdata-paddingright=\"[0,0,0,0]\"\n\t\t\tdata-paddingbottom=\"[0,0,0,0]\"\n\t\t\tdata-paddingleft=\"[0,0,0,0]\"\n\n\t\t\tstyle=\"z-index: 5; min-width: 738px; max-width: 738px; max-width: 111px; max-width: 111px; white-space: normal; font-size: 45px; line-height: 55px; font-weight: 700; letter-spacing: ;font-family:Open Sans;\">SCHICKEN SIE UNS BITTE EINE<br>\n UNVERBINDLICHE NACHFRAGE <\/div>\n\n\t\t<!-- LAYER NR. 2 -->\n\t\t<h4 class=\"tp-caption   tp-resizeme\" \n\t\t\t id=\"slide-20-layer-2\" \n\t\t\t data-x=\"49\" \n\t\t\t data-y=\"186\" \n\t\t\t\t\t\tdata-width=\"['723']\"\n\t\t\tdata-height=\"['95']\"\n \n\t\t\tdata-type=\"text\" \n\t\t\tdata-responsive_offset=\"on\" \n\n\t\t\tdata-frames='[{\"delay\":0,\"speed\":220,\"frame\":\"0\",\"from\":\"opacity:0;\",\"to\":\"o:1;\",\"ease\":\"Power2.easeInOut\"},{\"delay\":\"wait\",\"speed\":300,\"frame\":\"999\",\"to\":\"opacity:0;\",\"ease\":\"nothing\"}]'\n\t\t\tdata-textAlign=\"['left','left','left','left']\"\n\t\t\tdata-paddingtop=\"[0,0,0,0]\"\n\t\t\tdata-paddingright=\"[0,0,0,0]\"\n\t\t\tdata-paddingbottom=\"[0,0,0,0]\"\n\t\t\tdata-paddingleft=\"[0,0,0,0]\"\n\n\t\t\tstyle=\"z-index: 6; min-width: 723px; max-width: 723px; max-width: 95px; max-width: 95px; white-space: normal; font-size: 24px; line-height: 30px; font-weight: 400; color: rgba(255,255,255,1); letter-spacing: ;font-family:Open Sans;\"><div style=\"text-align: justify;\">Schicken Sie uns bitte eine unverbindliche Nachfrage mit der Zeichnung und der vorgesehenen Menge, und wir senden Ihnen unser Preisangebot so bald wie m\u00f6glich zur\u00fcck.<\/div> <\/h4>\n\n\t\t<!-- LAYER NR. 3 -->\n\t\t<a class=\"tp-caption rev-btn  tp-resizeme\" \n href=\"mailto: info@apreng.eu\" target=\"_self\"\t\t\t id=\"slide-20-layer-10\" \n\t\t\t data-x=\"52\" \n\t\t\t data-y=\"299\" \n\t\t\t\t\t\tdata-width=\"['274']\"\n\t\t\tdata-height=\"['auto']\"\n \n\t\t\tdata-type=\"button\" \n\t\t\tdata-actions=''\n\t\t\tdata-responsive_offset=\"on\" \n\n\t\t\tdata-frames='[{\"delay\":500,\"speed\":300,\"frame\":\"0\",\"from\":\"opacity:0;\",\"to\":\"o:1;\",\"ease\":\"Power2.easeInOut\"},{\"delay\":\"wait\",\"speed\":300,\"frame\":\"999\",\"to\":\"opacity:0;\",\"ease\":\"nothing\"},{\"frame\":\"hover\",\"speed\":\"0\",\"ease\":\"Linear.easeNone\",\"to\":\"o:1;rX:0;rY:0;rZ:0;z:0;\",\"style\":\"c:rgba(255,255,255,1);bg:rgba(0,51,102,1);\"}]'\n\t\t\tdata-textAlign=\"['center','center','center','center']\"\n\t\t\tdata-paddingtop=\"[12,12,12,12]\"\n\t\t\tdata-paddingright=\"[35,35,35,35]\"\n\t\t\tdata-paddingbottom=\"[12,12,12,12]\"\n\t\t\tdata-paddingleft=\"[35,35,35,35]\"\n\n\t\t\tstyle=\"z-index: 7; min-width: 274px; max-width: 274px; white-space: normal; font-size: 18px; line-height: 17px; font-weight: 600; color: rgba(255,255,255,1); letter-spacing: ;font-family:Open Sans;border-color:rgba(255,255,255,1);border-style:solid;border-width:2px 2px 2px 2px;outline:none;box-shadow:none;box-sizing:border-box;-moz-box-sizing:border-box;-webkit-box-sizing:border-box;cursor:pointer;text-decoration: none;\">nachfrage absenden <\/a>\n\t<\/li>\n<\/ul>\n<div class=\"tp-bannertimer tp-bottom\" style=\"visibility: hidden !important;\"><\/div>\t<\/div>\n<script>var htmlDiv = document.getElementById(\"rs-plugin-settings-inline-css\"); var htmlDivCss=\".tp-caption.News-Title,.News-Title{color:rgba(255,255,255,1.00);font-size:70px;line-height:60px;font-weight:400;font-style:normal;font-family:Roboto Slab;text-decoration:none;background-color:transparent;border-color:transparent;border-style:none;border-width:0px;border-radius:0px 0px 0px 0px}\";\r\n\t\t\t\tif(htmlDiv) {\r\n\t\t\t\t\thtmlDiv.innerHTML = htmlDiv.innerHTML + htmlDivCss;\r\n\t\t\t\t}else{\r\n\t\t\t\t\tvar htmlDiv = document.createElement(\"div\");\r\n\t\t\t\t\thtmlDiv.innerHTML = \"<style>\" + htmlDivCss + \"<\/style>\";\r\n\t\t\t\t\tdocument.getElementsByTagName(\"head\")[0].appendChild(htmlDiv.childNodes[0]);\r\n\t\t\t\t}\r\n\t\t\t<\/script>\n\t\t<script type=\"text\/javascript\">\r\nif (setREVStartSize!==undefined) setREVStartSize(\r\n\t{c: '#rev_slider_20_2', gridwidth: [1345], gridheight: [440], sliderLayout: 'fullwidth'});\r\n\t\t\t\r\nvar revapi20,\r\n\ttpj;\t\r\n(function() {\t\t\t\r\n\tif (!\/loaded|interactive|complete\/.test(document.readyState)) document.addEventListener(\"DOMContentLoaded\",onLoad); else onLoad();\t\r\n\tfunction onLoad() {\t\t\t\t\r\n\t\tif (tpj===undefined) { tpj = jQuery; if(\"off\" == \"on\") tpj.noConflict();}\r\n\tif(tpj(\"#rev_slider_20_2\").revolution == undefined){\n\t\trevslider_showDoubleJqueryError(\"#rev_slider_20_2\");\n\t}else{\n\t\trevapi20 = tpj(\"#rev_slider_20_2\").show().revolution({\n\t\t\tsliderType:\"hero\",\n\t\t\tjsFileLocation:\"\/\/apreng.eu\/wp-content\/plugins\/revslider\/public\/assets\/js\/\",\n\t\t\tsliderLayout:\"fullwidth\",\n\t\t\tdottedOverlay:\"none\",\n\t\t\tdelay:9000,\n\t\t\tvisibilityLevels:[1240,1024,778,480],\n\t\t\tgridwidth:1345,\n\t\t\tgridheight:440,\n\t\t\tlazyType:\"none\",\n\t\t\tshadow:0,\n\t\t\tspinner:\"off\",\n\t\t\tautoHeight:\"off\",\n\t\t\tdisableProgressBar:\"on\",\n\t\t\thideThumbsOnMobile:\"on\",\n\t\t\thideSliderAtLimit:0,\n\t\t\thideCaptionAtLimit:0,\n\t\t\thideAllCaptionAtLilmit:0,\n\t\t\tdebugMode:false,\n\t\t\tfallbacks: {\n\t\t\t\tsimplifyAll:\"off\",\n\t\t\t\tdisableFocusListener:false,\n\t\t\t}\n\t\t});\n\t}; \/* END OF revapi call *\/\n\t\n }; \/* END OF ON LOAD FUNCTION *\/\r\n}()); \/* END OF WRAPPING FUNCTION *\/\r\n<\/script>\r\n\t\t<\/div><!-- END REVOLUTION SLIDER -->[\/vc_column][\/vc_row]<\/p>\n","protected":false},"excerpt":{"rendered":"<p>[vc_row content_width=&#8220;grid&#8220;][vc_column][vc_empty_space height=&#8220;60px&#8220;][vc_column_text] Die Anforderung eines jeden Kunden ist spezifisch, und das angebotene Produkt muss genau seinem Bedarf entsprechen. Es w\u00e4re&#8230;<\/p>\n","protected":false},"author":1,"featured_media":0,"parent":0,"menu_order":0,"comment_status":"closed","ping_status":"closed","template":"full-width.php","meta":{"footnotes":""},"_links":{"self":[{"href":"https:\/\/apreng.eu\/de\/wp-json\/wp\/v2\/pages\/4592"}],"collection":[{"href":"https:\/\/apreng.eu\/de\/wp-json\/wp\/v2\/pages"}],"about":[{"href":"https:\/\/apreng.eu\/de\/wp-json\/wp\/v2\/types\/page"}],"author":[{"embeddable":true,"href":"https:\/\/apreng.eu\/de\/wp-json\/wp\/v2\/users\/1"}],"replies":[{"embeddable":true,"href":"https:\/\/apreng.eu\/de\/wp-json\/wp\/v2\/comments?post=4592"}],"version-history":[{"count":32,"href":"https:\/\/apreng.eu\/de\/wp-json\/wp\/v2\/pages\/4592\/revisions"}],"predecessor-version":[{"id":5148,"href":"https:\/\/apreng.eu\/de\/wp-json\/wp\/v2\/pages\/4592\/revisions\/5148"}],"wp:attachment":[{"href":"https:\/\/apreng.eu\/de\/wp-json\/wp\/v2\/media?parent=4592"}],"curies":[{"name":"wp","href":"https:\/\/api.w.org\/{rel}","templated":true}]}}