{"id":4583,"date":"2016-03-24T23:54:38","date_gmt":"2016-03-24T22:54:38","guid":{"rendered":"http:\/\/apreng.eu\/de\/?page_id=4583"},"modified":"2016-04-12T09:16:49","modified_gmt":"2016-04-12T08:16:49","slug":"was-bieten-wir-an","status":"publish","type":"page","link":"https:\/\/apreng.eu\/de\/was-bieten-wir-an\/","title":{"rendered":"WAS BIETEN WIR AN"},"content":{"rendered":"<p>[vc_row][vc_column]<link href=\"https:\/\/fonts.googleapis.com\/css?family=Open+Sans:700%2C600\" rel=\"stylesheet\" property=\"stylesheet\" type=\"text\/css\" media=\"all\">\n<div id=\"rev_slider_10_1_wrapper\" class=\"rev_slider_wrapper fullwidthbanner-container\" data-source=\"gallery\" style=\"margin:0px auto;background:transparent;padding:0px;margin-top:0px;margin-bottom:0px;\">\n<!-- START REVOLUTION SLIDER 5.4.7.2 fullwidth mode -->\n\t<div id=\"rev_slider_10_1\" class=\"rev_slider fullwidthabanner\" style=\"display:none;\" data-version=\"5.4.7.2\">\n<ul>\t<!-- SLIDE  -->\n\t<li data-index=\"rs-10\" data-transition=\"notransition\" data-slotamount=\"default\" data-hideafterloop=\"0\" data-hideslideonmobile=\"off\"  data-easein=\"default\" data-easeout=\"default\" data-masterspeed=\"default\"  data-thumb=\"https:\/\/apreng.eu\/wp-content\/uploads\/2016\/03\/apreng-callout-02.jpg\"  data-rotate=\"0\"  data-saveperformance=\"off\"  data-title=\"Slide\" data-param1=\"\" data-param2=\"\" data-param3=\"\" data-param4=\"\" data-param5=\"\" data-param6=\"\" data-param7=\"\" data-param8=\"\" data-param9=\"\" data-param10=\"\" data-description=\"\">\n\t\t<!-- MAIN IMAGE -->\n\t\t<img loading=\"lazy\" decoding=\"async\" src=\"https:\/\/apreng.eu\/wp-content\/uploads\/2016\/03\/apreng-callout-02.jpg\"  alt=\"\" title=\"apreng-callout-02\"  width=\"1920\" height=\"569\" data-bgposition=\"center center\" data-bgfit=\"cover\" data-bgrepeat=\"no-repeat\" class=\"rev-slidebg\" data-no-retina>\n\t\t<!-- LAYERS -->\n\n\t\t<!-- LAYER NR. 1 -->\n\t\t<h1 class=\"tp-caption News-Title   tp-resizeme\" \n\t\t\t id=\"slide-10-layer-1\" \n\t\t\t data-x=\"50\" \n\t\t\t data-y=\"107\" \n\t\t\t\t\t\tdata-width=\"['922']\"\n\t\t\tdata-height=\"['121']\"\n \n\t\t\tdata-type=\"text\" \n\t\t\tdata-responsive_offset=\"on\" \n\n\t\t\tdata-frames='[{\"from\":\"opacity:0;\",\"speed\":300,\"to\":\"o:1;\",\"delay\":0,\"ease\":\"Power2.easeInOut\"},{\"delay\":\"wait\",\"speed\":300,\"to\":\"opacity:0;\",\"ease\":\"nothing\"}]'\n\t\t\tdata-textAlign=\"['left','left','left','left']\"\n\t\t\tdata-paddingtop=\"[0,0,0,0]\"\n\t\t\tdata-paddingright=\"[0,0,0,0]\"\n\t\t\tdata-paddingbottom=\"[0,0,0,0]\"\n\t\t\tdata-paddingleft=\"[0,0,0,0]\"\n\n\t\t\tstyle=\"z-index: 5; min-width: 922px; max-width: 922px; max-width: 121px; max-width: 121px; white-space: normal; font-size: px; font-weight: 700;font-family:Open Sans;\">WAS BIETEN WIR AN <\/h1>\n\n\t\t<!-- LAYER NR. 2 -->\n\t\t<div class=\"tp-caption   tp-resizeme\" \n\t\t\t id=\"slide-10-layer-2\" \n\t\t\t data-x=\"59\" \n\t\t\t data-y=\"207\" \n\t\t\t\t\t\tdata-width=\"['675']\"\n\t\t\tdata-height=\"['152']\"\n \n\t\t\tdata-type=\"text\" \n\t\t\tdata-responsive_offset=\"on\" \n\n\t\t\tdata-frames='[{\"from\":\"opacity:0;\",\"speed\":300,\"to\":\"o:1;\",\"delay\":0,\"ease\":\"Power2.easeInOut\"},{\"delay\":\"wait\",\"speed\":300,\"to\":\"opacity:0;\",\"ease\":\"nothing\"}]'\n\t\t\tdata-textAlign=\"['left','left','left','left']\"\n\t\t\tdata-paddingtop=\"[0,0,0,0]\"\n\t\t\tdata-paddingright=\"[0,0,0,0]\"\n\t\t\tdata-paddingbottom=\"[0,0,0,0]\"\n\t\t\tdata-paddingleft=\"[0,0,0,0]\"\n\n\t\t\tstyle=\"z-index: 6; min-width: 675px; max-width: 675px; max-width: 152px; max-width: 152px; white-space: normal; font-size: 20px; line-height: 30px; font-weight: 600; color: rgba(255,255,255,1);font-family:Open Sans;\"><div style=\"text-align: justify;\">Wir besorgen f\u00fcr Sie die Herstellung von Bauteilen mit verschiedener Bearbeitung oder Schwei\u00dfst\u00fccken, entsprechend Ihrer Spezifikation. Dank den langj\u00e4hrigen Aktivit\u00e4ten im Maschinenbau verf\u00fcgen wir \u00fcber ein breites Portfolio von Produktionsfirmen, die die Kapazit\u00e4ten f\u00fcr die verschiedensten Technologien anbieten.<\/div> <\/div>\n\t<\/li>\n<\/ul>\n<div class=\"tp-bannertimer tp-bottom\" style=\"visibility: hidden !important;\"><\/div>\t<\/div>\n<script>var htmlDiv = document.getElementById(\"rs-plugin-settings-inline-css\"); var htmlDivCss=\".tp-caption.News-Title,.News-Title{color:rgba(255,255,255,1.00);font-size:70px;line-height:60px;font-weight:400;font-style:normal;font-family:Roboto Slab;text-decoration:none;background-color:transparent;border-color:transparent;border-style:none;border-width:0px;border-radius:0px 0px 0px 0px}\";\r\n\t\t\t\tif(htmlDiv) {\r\n\t\t\t\t\thtmlDiv.innerHTML = htmlDiv.innerHTML + htmlDivCss;\r\n\t\t\t\t}else{\r\n\t\t\t\t\tvar htmlDiv = document.createElement(\"div\");\r\n\t\t\t\t\thtmlDiv.innerHTML = \"<style>\" + htmlDivCss + \"<\/style>\";\r\n\t\t\t\t\tdocument.getElementsByTagName(\"head\")[0].appendChild(htmlDiv.childNodes[0]);\r\n\t\t\t\t}\r\n\t\t\t<\/script>\n\t\t<script type=\"text\/javascript\">\r\nif (setREVStartSize!==undefined) setREVStartSize(\r\n\t{c: '#rev_slider_10_1', gridwidth: [1345], gridheight: [440], sliderLayout: 'fullwidth'});\r\n\t\t\t\r\nvar revapi10,\r\n\ttpj;\t\r\n(function() {\t\t\t\r\n\tif (!\/loaded|interactive|complete\/.test(document.readyState)) document.addEventListener(\"DOMContentLoaded\",onLoad); else onLoad();\t\r\n\tfunction onLoad() {\t\t\t\t\r\n\t\tif (tpj===undefined) { tpj = jQuery; if(\"off\" == \"on\") tpj.noConflict();}\r\n\tif(tpj(\"#rev_slider_10_1\").revolution == undefined){\n\t\trevslider_showDoubleJqueryError(\"#rev_slider_10_1\");\n\t}else{\n\t\trevapi10 = tpj(\"#rev_slider_10_1\").show().revolution({\n\t\t\tsliderType:\"hero\",\n\t\t\tjsFileLocation:\"\/\/apreng.eu\/wp-content\/plugins\/revslider\/public\/assets\/js\/\",\n\t\t\tsliderLayout:\"fullwidth\",\n\t\t\tdottedOverlay:\"none\",\n\t\t\tdelay:9000,\n\t\t\tvisibilityLevels:[1240,1024,778,480],\n\t\t\tgridwidth:1345,\n\t\t\tgridheight:440,\n\t\t\tlazyType:\"none\",\n\t\t\tshadow:0,\n\t\t\tspinner:\"off\",\n\t\t\tautoHeight:\"off\",\n\t\t\tdisableProgressBar:\"on\",\n\t\t\thideThumbsOnMobile:\"on\",\n\t\t\thideSliderAtLimit:0,\n\t\t\thideCaptionAtLimit:0,\n\t\t\thideAllCaptionAtLilmit:0,\n\t\t\tdebugMode:false,\n\t\t\tfallbacks: {\n\t\t\t\tsimplifyAll:\"off\",\n\t\t\t\tdisableFocusListener:false,\n\t\t\t}\n\t\t});\n\t}; \/* END OF revapi call *\/\n\t\n }; \/* END OF ON LOAD FUNCTION *\/\r\n}()); \/* END OF WRAPPING FUNCTION *\/\r\n<\/script>\r\n\t\t<\/div><!-- END REVOLUTION SLIDER -->[vc_empty_space height=&#8220;60px&#8220;][\/vc_column][\/vc_row][vc_row content_width=&#8220;grid&#8220;][vc_column][vc_column_text]<\/p>\n<div class=\"tucne_blue\" style=\"text-align: justify; border-color: #EFEFEF; line-height: 1.9em;\">\n<h2>UNSERE LEISTUNGEN<\/h2>\n<p>&nbsp;<\/p>\n<ul>\n<li style=\"text-align: justify; padding-top: 10px; padding-bottom: 10px; list-style-position: outside; margin-left: 10px; list-style-image: url('..\/..\/wp-content\/uploads\/2016\/03\/li_image.jpg');\">Wir besorgen f\u00fcr Sie die Herstellung von Bauteilen mit verschiedener Bearbeitung oder Schwei\u00dfst\u00fccken, entsprechend Ihrer Spezifikation. Dank den langj\u00e4hrigen Aktivit\u00e4ten im Maschinenbau verf\u00fcgen wir \u00fcber ein breites Portfolio von Produktionsfirmen, die die Kapazit\u00e4ten f\u00fcr die verschiedensten Technologien anbieten. Sollten Sie eine Technologie verlangen, \u00fcber die wir bei unseren Partnern nicht verf\u00fcgen, werden wir versuchen, \u00a0schleunigst einen neuen geeigneten Lieferanten zu finden.<\/li>\n<li style=\"text-align: justify; padding-top: 5px; padding-bottom: 5px; list-style-position: outside; margin-left: 10px; list-style-image: url('..\/..\/wp-content\/uploads\/2016\/03\/li_image.jpg');\">Bei der wiederholten Herstelleng bieten wir die Herstellung einer Absicherungsmenge f\u00fcrs Lager und die Lagerung in den eigenen R\u00e4umlichkeiten an.<\/li>\n<li style=\"text-align: justify; padding-top: 5px; padding-bottom: 5px; list-style-position: outside; margin-left: 10px; list-style-image: url('..\/..\/wp-content\/uploads\/2016\/03\/li_image.jpg');\">Falls Sie \u00fcber das Outsourcing eines Produktionsteiles in die Gebiete mit niedrigeren Herstellungskosten nachdenken, helfen wir Ihnen mit der Suche nach einem geeigneten Partner, oder mit der Firmengr\u00fcndung und mit der Er\u00f6ffnung des eigenen Betriebes in der Tschechischen Republik.<\/li>\n<\/ul>\n<h2><\/h2>\n<div class=\"qodef-separator\" style=\"width: 100%; margin-top: 40px; margin-bottom: 40px; border-bottom-style: solid; border-width: 1px; border-color: #EFEFEF;\"><\/div>\n<h2><\/h2>\n<h2>WIE WIR ARBEITEN<span id=\"jak_pracujeme\"><\/span><\/h2>\n<p>&nbsp;<\/p>\n<ul>\n<li style=\"text-align: justify; padding-top: 10px; padding-bottom: 10px; list-style-position: outside; margin-left: 10px; list-style-image: url('..\/..\/wp-content\/uploads\/2016\/03\/li_image.jpg');\">Aufgrund Ihrer Dokumentation sprechen wir den Hersteller an, der die besten technischen und qualitativen Voraussetzungen f\u00fcr das einschl\u00e4gige Produkt hat. Anschlie\u00dfend legen wir Ihnen ein Preisangebot vor. Nach Vereinbarung stellen wir die Herstellung eines Probest\u00fccks oder direkt die Bestellungsumsetzung sicher.<\/li>\n<li style=\"text-align: justify; padding-top: 10px; padding-bottom: 10px; list-style-position: outside; margin-left: 10px; list-style-image: url('..\/..\/wp-content\/uploads\/2016\/03\/li_image.jpg');\">Falls es der Kunde w\u00fcnscht, informieren wir ihn laufend \u00fcber die teilweise Erf\u00fcllung von technologischen Schritten. Besonders dann in den F\u00e4llen, wo das Produkt das Ergebnis einer gr\u00f6\u00dferen Zahl von Unterlieferungen oder technologischen Verfahren darstellt.<\/li>\n<li style=\"text-align: justify; padding-top: 10px; padding-bottom: 10px; list-style-position: outside; margin-left: 10px; list-style-image: url('..\/..\/wp-content\/uploads\/2016\/03\/li_image.jpg');\">Aktiv nehmen wir teil an der quantitativen sowie qualitativen Kontrolle von Produkten noch bevor diese eingepackt und versandbereit auf dem Weg zum Kunden sind.<\/li>\n<li style=\"text-align: justify; padding-top: 10px; padding-bottom: 10px; list-style-position: outside; margin-left: 10px; list-style-image: url('..\/..\/wp-content\/uploads\/2016\/03\/li_image.jpg');\">Drei Tage vor dem Versand informieren wir den Kunden \u00fcber die Transportart und den Versandtermin.<\/li>\n<li style=\"text-align: justify; padding-top: 10px; padding-bottom: 10px; list-style-position: outside; margin-left: 10px; list-style-image: url('..\/..\/wp-content\/uploads\/2016\/03\/li_image.jpg');\">Entsprechend dem geplanten Liefertermin kontrollieren wir die tats\u00e4chliche Zustellung und interessieren wir uns f\u00fcr die Zufriedenheit des Kunden mit den gelieferten Produkten.<\/li>\n<\/ul>\n<h2><\/h2>\n<div class=\"qodef-separator\" style=\"width: 100%; margin-top: 40px; margin-bottom: 40px; border-bottom-style: solid; border-width: 1px; border-color: #EFEFEF;\"><\/div>\n<h2><\/h2>\n<h2>WARUM GERADE MIT UNS ZUSAMMENARBEITEN<span id=\"proc_spolupracovat_s_nami\"><\/span><\/h2>\n<p>&nbsp;<\/p>\n<ul>\n<li style=\"text-align: justify; padding-top: 10px; padding-bottom: 10px; list-style-position: outside; margin-left: 10px; list-style-image: url('..\/..\/wp-content\/uploads\/2016\/03\/li_image.jpg');\">Wir haben langj\u00e4hrige, in den Herstellungsbetrieben gewonnene Erfahrungen.<\/li>\n<li style=\"text-align: justify; padding-top: 10px; padding-bottom: 10px; list-style-position: outside; margin-left: 10px; list-style-image: url('..\/..\/wp-content\/uploads\/2016\/03\/li_image.jpg');\">Die Kenntnis des Maschinenbauumfelds sowie der aktuellen Kapazit\u00e4tsm\u00f6glichkeiten der Herstellungsfirmen in der Tschechischen Republik gibt uns die Voraussetzung daf\u00fcr, ein n\u00fctzlicher Partner f\u00fcr Maschinen- und Anlagenhersteller in Westeuropa zu sein.<\/li>\n<li style=\"text-align: justify; padding-top: 10px; padding-bottom: 10px; list-style-position: outside; margin-left: 10px; list-style-image: url('..\/..\/wp-content\/uploads\/2016\/03\/li_image.jpg');\">Wir sind bem\u00fcht, in h\u00f6chstm\u00f6glichem Ma\u00dfe die Produktion bei jedem von unseren Partnern pers\u00f6nlich zu beaufsichtigen, so dass wir laufend die Informationen nicht nur \u00fcber die Auftragsumsetzung, sondern auch \u00fcber die technischen M\u00f6glichkeiten und derer weitere Entwicklung haben. Die Mitarbeiter, die mit der Kommunikation mit Lieferanten beauftragt sind, verbringen die meiste Zeit bei unseren Partnern.<\/li>\n<li style=\"text-align: justify; padding-top: 10px; padding-bottom: 10px; list-style-position: outside; margin-left: 10px; list-style-image: url('..\/..\/wp-content\/uploads\/2016\/03\/li_image.jpg');\">Die Tschechische Republik hat im Maschinenbau langfristig einen sehr guten Ruf. Dank der langj\u00e4hrigen Tradition und dem gro\u00dfen Anteil des Maschinenbaus an der Gesamtindustrie verf\u00fcgt sie aus der europ\u00e4ischen Perspektive \u00fcber wichtige Herstellungskapazit\u00e4ten. Es ist allgemein bekannt, dass das technische Niveau der Besch\u00e4ftigten in der Tschechischen Republik sehr hoch ist. Und nicht zuletzt geh\u00f6rt die Tschechische Republik nac wie vor zu den L\u00e4ndern mit relativ niedrigen Kosten.<\/li>\n<\/ul>\n<h2><\/h2>\n<div class=\"qodef-separator\" style=\"width: 100%; margin-top: 40px; margin-bottom: 40px; border-bottom-style: solid; border-width: 1px; border-color: #EFEFEF;\"><\/div>\n<h2>VERHALTENSKODEX<span id=\"kodex_chovani\" style=\"position: relative; top: -4em;\"><\/span><\/h2>\n<p>&nbsp;<\/p>\n<ul>\n<li style=\"text-align: justify; padding-top: 5px; padding-bottom: 5px; list-style-position: outside; margin-left: 10px; list-style-image: url('..\/..\/wp-content\/uploads\/2016\/03\/li_image.jpg');\">S\u00e4mtliche Zeichnungen, Unterlagen und Informationen, die wir vom Kunden erhalten, werden unsererseits f\u00fcr vertraulich und in vollem Umfang f\u00fcr geistiges Eigentum der leistenden Partei gehalten.<\/li>\n<li style=\"text-align: justify; padding-top: 5px; padding-bottom: 5px; list-style-position: outside; margin-left: 10px; list-style-image: url('..\/..\/wp-content\/uploads\/2016\/03\/li_image.jpg');\">Wir sind uns dessen bewusst, dass das Angebot an sich, zur Verf\u00fcgung gestellte Zeichnungen ggf. weitere Herstellungsdokumentation keine Verpflichtung zum Gesch\u00e4ftsverh\u00e4ltnis oder Transaktion darstellen.<\/li>\n<li style=\"text-align: justify; padding-top: 5px; padding-bottom: 5px; list-style-position: outside; margin-left: 10px; list-style-image: url('..\/..\/wp-content\/uploads\/2016\/03\/li_image.jpg');\">Die Beachtung der Lieferfristen und der Qualit\u00e4tsparameter stellt den selbstverst\u00e4ndlichen Standard unserer Arbeit dar. Die Kenntnis von Besonderheiten der Maschinenbaubranche in der Tschechischen Republik wird unsererseits f\u00fcr unsere Grundkompetenz gehalten.<\/li>\n<li style=\"text-align: justify; padding-top: 5px; padding-bottom: 5px; list-style-position: outside; margin-left: 10px; list-style-image: url('..\/..\/wp-content\/uploads\/2016\/03\/li_image.jpg');\">Der Kunde steht immer auf dem ersten Platz, und seine Zufriedenheit ist uns wichtiger als sofortiger Gewinn.<\/li>\n<li style=\"text-align: justify; padding-top: 5px; padding-bottom: 5px; list-style-position: outside; margin-left: 10px; list-style-image: url('..\/..\/wp-content\/uploads\/2016\/03\/li_image.jpg');\">Unser Ziel ist, ein langfristiges Verh\u00e4ltnis des gegenseitigen Vertrauens und der Offenheit aufzubauen. Wir w\u00e4hlen immer pers\u00f6nliche und gezielte Kommunikation mit den Kunden und Partnern und sind bem\u00fcht, genaue, vollst\u00e4ndige und konkrete Informationen abzugeben.<\/li>\n<li style=\"text-align: justify; padding-top: 5px; padding-bottom: 5px; list-style-position: outside; margin-left: 10px; list-style-image: url('..\/..\/wp-content\/uploads\/2016\/03\/li_image.jpg');\">Der Kunde genauso wie der Gesch\u00e4ftspartner haben unter allen Umst\u00e4nden das Recht auf professionelle, seri\u00f6se\u00a0und kundenfreundliche Behandlung.<\/li>\n<li style=\"text-align: justify; padding-top: 5px; padding-bottom: 5px; list-style-position: outside; margin-left: 10px; list-style-image: url('..\/..\/wp-content\/uploads\/2016\/03\/li_image.jpg');\">Unter allen Umst\u00e4nden beachten wir die Gesetze des Landes, in dem sich unser Handelspartner oder Kunde befindet. Unsere Mitarbeiter sind verpflichtet, sich aufrichtig und entsprechend den moralischen sowie Kulturgrunds\u00e4tzen zu verhalten, die allgemein dort anerkannt werden, wo sie sich gerade befinden.<\/li>\n<\/ul>\n<p>&nbsp;<\/p>\n<\/div>\n<p>[\/vc_column_text][\/vc_column][\/vc_row][vc_row][vc_column][vc_empty_space height=&#8220;60px&#8220;][\/vc_column][\/vc_row][vc_row][vc_column]<link href=\"https:\/\/fonts.googleapis.com\/css?family=Open+Sans:700%2C600%2C400\" rel=\"stylesheet\" property=\"stylesheet\" type=\"text\/css\" media=\"all\">\n<div id=\"rev_slider_20_2_wrapper\" class=\"rev_slider_wrapper fullwidthbanner-container\" data-source=\"gallery\" style=\"margin:0px auto;background:transparent;padding:0px;margin-top:0px;margin-bottom:0px;\">\n<!-- START REVOLUTION SLIDER 5.4.7.2 fullwidth mode -->\n\t<div id=\"rev_slider_20_2\" class=\"rev_slider fullwidthabanner\" style=\"display:none;\" data-version=\"5.4.7.2\">\n<ul>\t<!-- SLIDE  -->\n\t<li data-index=\"rs-20\" data-transition=\"notransition\" data-slotamount=\"default\" data-hideafterloop=\"0\" data-hideslideonmobile=\"off\"  data-easein=\"default\" data-easeout=\"default\" data-masterspeed=\"default\"  data-thumb=\"https:\/\/apreng.eu\/wp-content\/uploads\/2015\/10\/callout-odeslat-poptavku-100x50.jpg\"  data-rotate=\"0\"  data-saveperformance=\"off\"  data-title=\"Slide\" data-param1=\"\" data-param2=\"\" data-param3=\"\" data-param4=\"\" data-param5=\"\" data-param6=\"\" data-param7=\"\" data-param8=\"\" data-param9=\"\" data-param10=\"\" data-description=\"\">\n\t\t<!-- MAIN IMAGE -->\n\t\t<img loading=\"lazy\" decoding=\"async\" src=\"https:\/\/apreng.eu\/wp-content\/uploads\/2015\/10\/callout-odeslat-poptavku.jpg\"  alt=\"\"  width=\"1920\" height=\"486\" data-bgposition=\"center center\" data-bgfit=\"cover\" data-bgrepeat=\"no-repeat\" class=\"rev-slidebg\" data-no-retina>\n\t\t<!-- LAYERS -->\n\n\t\t<!-- LAYER NR. 1 -->\n\t\t<div class=\"tp-caption News-Title   tp-resizeme\" \n\t\t\t id=\"slide-20-layer-1\" \n\t\t\t data-x=\"46\" \n\t\t\t data-y=\"65\" \n\t\t\t\t\t\tdata-width=\"['738']\"\n\t\t\tdata-height=\"['111']\"\n \n\t\t\tdata-type=\"text\" \n\t\t\tdata-responsive_offset=\"on\" \n\n\t\t\tdata-frames='[{\"delay\":0,\"speed\":220,\"frame\":\"0\",\"from\":\"opacity:0;\",\"to\":\"o:1;\",\"ease\":\"Power2.easeInOut\"},{\"delay\":\"wait\",\"speed\":300,\"frame\":\"999\",\"to\":\"opacity:0;\",\"ease\":\"nothing\"}]'\n\t\t\tdata-textAlign=\"['left','left','left','left']\"\n\t\t\tdata-paddingtop=\"[0,0,0,0]\"\n\t\t\tdata-paddingright=\"[0,0,0,0]\"\n\t\t\tdata-paddingbottom=\"[0,0,0,0]\"\n\t\t\tdata-paddingleft=\"[0,0,0,0]\"\n\n\t\t\tstyle=\"z-index: 5; min-width: 738px; max-width: 738px; max-width: 111px; max-width: 111px; white-space: normal; font-size: 45px; line-height: 55px; font-weight: 700; letter-spacing: ;font-family:Open Sans;\">SCHICKEN SIE UNS BITTE EINE<br>\n UNVERBINDLICHE NACHFRAGE <\/div>\n\n\t\t<!-- LAYER NR. 2 -->\n\t\t<h4 class=\"tp-caption   tp-resizeme\" \n\t\t\t id=\"slide-20-layer-2\" \n\t\t\t data-x=\"49\" \n\t\t\t data-y=\"186\" \n\t\t\t\t\t\tdata-width=\"['723']\"\n\t\t\tdata-height=\"['95']\"\n \n\t\t\tdata-type=\"text\" \n\t\t\tdata-responsive_offset=\"on\" \n\n\t\t\tdata-frames='[{\"delay\":0,\"speed\":220,\"frame\":\"0\",\"from\":\"opacity:0;\",\"to\":\"o:1;\",\"ease\":\"Power2.easeInOut\"},{\"delay\":\"wait\",\"speed\":300,\"frame\":\"999\",\"to\":\"opacity:0;\",\"ease\":\"nothing\"}]'\n\t\t\tdata-textAlign=\"['left','left','left','left']\"\n\t\t\tdata-paddingtop=\"[0,0,0,0]\"\n\t\t\tdata-paddingright=\"[0,0,0,0]\"\n\t\t\tdata-paddingbottom=\"[0,0,0,0]\"\n\t\t\tdata-paddingleft=\"[0,0,0,0]\"\n\n\t\t\tstyle=\"z-index: 6; min-width: 723px; max-width: 723px; max-width: 95px; max-width: 95px; white-space: normal; font-size: 24px; line-height: 30px; font-weight: 400; color: rgba(255,255,255,1); letter-spacing: ;font-family:Open Sans;\"><div style=\"text-align: justify;\">Schicken Sie uns bitte eine unverbindliche Nachfrage mit der Zeichnung und der vorgesehenen Menge, und wir senden Ihnen unser Preisangebot so bald wie m\u00f6glich zur\u00fcck.<\/div> <\/h4>\n\n\t\t<!-- LAYER NR. 3 -->\n\t\t<a class=\"tp-caption rev-btn  tp-resizeme\" \n href=\"mailto: info@apreng.eu\" target=\"_self\"\t\t\t id=\"slide-20-layer-10\" \n\t\t\t data-x=\"52\" \n\t\t\t data-y=\"299\" \n\t\t\t\t\t\tdata-width=\"['274']\"\n\t\t\tdata-height=\"['auto']\"\n \n\t\t\tdata-type=\"button\" \n\t\t\tdata-actions=''\n\t\t\tdata-responsive_offset=\"on\" \n\n\t\t\tdata-frames='[{\"delay\":500,\"speed\":300,\"frame\":\"0\",\"from\":\"opacity:0;\",\"to\":\"o:1;\",\"ease\":\"Power2.easeInOut\"},{\"delay\":\"wait\",\"speed\":300,\"frame\":\"999\",\"to\":\"opacity:0;\",\"ease\":\"nothing\"},{\"frame\":\"hover\",\"speed\":\"0\",\"ease\":\"Linear.easeNone\",\"to\":\"o:1;rX:0;rY:0;rZ:0;z:0;\",\"style\":\"c:rgba(255,255,255,1);bg:rgba(0,51,102,1);\"}]'\n\t\t\tdata-textAlign=\"['center','center','center','center']\"\n\t\t\tdata-paddingtop=\"[12,12,12,12]\"\n\t\t\tdata-paddingright=\"[35,35,35,35]\"\n\t\t\tdata-paddingbottom=\"[12,12,12,12]\"\n\t\t\tdata-paddingleft=\"[35,35,35,35]\"\n\n\t\t\tstyle=\"z-index: 7; min-width: 274px; max-width: 274px; white-space: normal; font-size: 18px; line-height: 17px; font-weight: 600; color: rgba(255,255,255,1); letter-spacing: ;font-family:Open Sans;border-color:rgba(255,255,255,1);border-style:solid;border-width:2px 2px 2px 2px;outline:none;box-shadow:none;box-sizing:border-box;-moz-box-sizing:border-box;-webkit-box-sizing:border-box;cursor:pointer;text-decoration: none;\">nachfrage absenden <\/a>\n\t<\/li>\n<\/ul>\n<div class=\"tp-bannertimer tp-bottom\" style=\"visibility: hidden !important;\"><\/div>\t<\/div>\n<script>var htmlDiv = document.getElementById(\"rs-plugin-settings-inline-css\"); var htmlDivCss=\".tp-caption.News-Title,.News-Title{color:rgba(255,255,255,1.00);font-size:70px;line-height:60px;font-weight:400;font-style:normal;font-family:Roboto Slab;text-decoration:none;background-color:transparent;border-color:transparent;border-style:none;border-width:0px;border-radius:0px 0px 0px 0px}\";\r\n\t\t\t\tif(htmlDiv) {\r\n\t\t\t\t\thtmlDiv.innerHTML = htmlDiv.innerHTML + htmlDivCss;\r\n\t\t\t\t}else{\r\n\t\t\t\t\tvar htmlDiv = document.createElement(\"div\");\r\n\t\t\t\t\thtmlDiv.innerHTML = \"<style>\" + htmlDivCss + \"<\/style>\";\r\n\t\t\t\t\tdocument.getElementsByTagName(\"head\")[0].appendChild(htmlDiv.childNodes[0]);\r\n\t\t\t\t}\r\n\t\t\t<\/script>\n\t\t<script type=\"text\/javascript\">\r\nif (setREVStartSize!==undefined) setREVStartSize(\r\n\t{c: '#rev_slider_20_2', gridwidth: [1345], gridheight: [440], sliderLayout: 'fullwidth'});\r\n\t\t\t\r\nvar revapi20,\r\n\ttpj;\t\r\n(function() {\t\t\t\r\n\tif (!\/loaded|interactive|complete\/.test(document.readyState)) document.addEventListener(\"DOMContentLoaded\",onLoad); else onLoad();\t\r\n\tfunction onLoad() {\t\t\t\t\r\n\t\tif (tpj===undefined) { tpj = jQuery; if(\"off\" == \"on\") tpj.noConflict();}\r\n\tif(tpj(\"#rev_slider_20_2\").revolution == undefined){\n\t\trevslider_showDoubleJqueryError(\"#rev_slider_20_2\");\n\t}else{\n\t\trevapi20 = tpj(\"#rev_slider_20_2\").show().revolution({\n\t\t\tsliderType:\"hero\",\n\t\t\tjsFileLocation:\"\/\/apreng.eu\/wp-content\/plugins\/revslider\/public\/assets\/js\/\",\n\t\t\tsliderLayout:\"fullwidth\",\n\t\t\tdottedOverlay:\"none\",\n\t\t\tdelay:9000,\n\t\t\tvisibilityLevels:[1240,1024,778,480],\n\t\t\tgridwidth:1345,\n\t\t\tgridheight:440,\n\t\t\tlazyType:\"none\",\n\t\t\tshadow:0,\n\t\t\tspinner:\"off\",\n\t\t\tautoHeight:\"off\",\n\t\t\tdisableProgressBar:\"on\",\n\t\t\thideThumbsOnMobile:\"on\",\n\t\t\thideSliderAtLimit:0,\n\t\t\thideCaptionAtLimit:0,\n\t\t\thideAllCaptionAtLilmit:0,\n\t\t\tdebugMode:false,\n\t\t\tfallbacks: {\n\t\t\t\tsimplifyAll:\"off\",\n\t\t\t\tdisableFocusListener:false,\n\t\t\t}\n\t\t});\n\t}; \/* END OF revapi call *\/\n\t\n }; \/* END OF ON LOAD FUNCTION *\/\r\n}()); \/* END OF WRAPPING FUNCTION *\/\r\n<\/script>\r\n\t\t<\/div><!-- END REVOLUTION SLIDER -->[\/vc_column][\/vc_row]<\/p>\n","protected":false},"excerpt":{"rendered":"<p>[vc_row][vc_column][vc_empty_space height=&#8220;60px&#8220;][\/vc_column][\/vc_row][vc_row content_width=&#8220;grid&#8220;][vc_column][vc_column_text] UNSERE LEISTUNGEN &nbsp; Wir besorgen f\u00fcr Sie die Herstellung von Bauteilen mit verschiedener Bearbeitung oder Schwei\u00dfst\u00fccken, entsprechend Ihrer&#8230;<\/p>\n","protected":false},"author":1,"featured_media":0,"parent":0,"menu_order":0,"comment_status":"closed","ping_status":"closed","template":"full-width.php","meta":{"footnotes":""},"_links":{"self":[{"href":"https:\/\/apreng.eu\/de\/wp-json\/wp\/v2\/pages\/4583"}],"collection":[{"href":"https:\/\/apreng.eu\/de\/wp-json\/wp\/v2\/pages"}],"about":[{"href":"https:\/\/apreng.eu\/de\/wp-json\/wp\/v2\/types\/page"}],"author":[{"embeddable":true,"href":"https:\/\/apreng.eu\/de\/wp-json\/wp\/v2\/users\/1"}],"replies":[{"embeddable":true,"href":"https:\/\/apreng.eu\/de\/wp-json\/wp\/v2\/comments?post=4583"}],"version-history":[{"count":0,"href":"https:\/\/apreng.eu\/de\/wp-json\/wp\/v2\/pages\/4583\/revisions"}],"wp:attachment":[{"href":"https:\/\/apreng.eu\/de\/wp-json\/wp\/v2\/media?parent=4583"}],"curies":[{"name":"wp","href":"https:\/\/api.w.org\/{rel}","templated":true}]}}