{"id":4570,"date":"2015-10-20T09:18:03","date_gmt":"2015-10-20T08:18:03","guid":{"rendered":"http:\/\/apreng.eu\/de\/?page_id=4570"},"modified":"2018-05-16T12:47:17","modified_gmt":"2018-05-16T11:47:17","slug":"uvod","status":"publish","type":"page","link":"https:\/\/apreng.eu\/de\/","title":{"rendered":"EINLEITUNG"},"content":{"rendered":"<p>[vc_row content_width=&#8220;grid&#8220; content_aligment=&#8220;center&#8220; css=&#8220;.vc_custom_1446636205173{border-top-width: 0px !important;padding-bottom: 30px !important;background-color: #ffffff !important;}&#8220;][vc_column offset=&#8220;vc_col-md-4&#8243;][vc_empty_space height=&#8220;60px&#8220;][vc_empty_space height=&#8220;37px&#8220;][vc_column_text]<\/p>\n<h2>\u00dcBER UNS<\/h2>\n<p>[\/vc_column_text][vc_empty_space height=&#8220;19px&#8220;][vc_column_text]<\/p>\n<p style=\"text-align: justify;\">Firma APRENG Technology, s. r. o. ist als eine kleine handelstechnische Firma t\u00e4tig, die sich auf den Maschinenbausektor in der Tschechischen Republik und in der Slowakei spezialisiert. Die Firma besteht aus Mitarbeitern mit langj\u00e4hrigen Erfahrungen in verschiedenen Managerpositionen, \u00fcberwiegend in Maschinenbaufirmen und im Au\u00dfenhandel&#8230;<\/p>\n<p>[\/vc_column_text][vc_empty_space height=&#8220;20px&#8220;]<a href=\"http:\/\/www.apreng.eu\/de\/wir-stellen-uns-vor\/\" target=\"_self\"  class=\"qodef-btn qodef-btn-medium qodef-btn-default\"  >\n        <span class=\"qodef-btn-text\">MEHR INFOS<\/span>\n    <span class=\"qodef-btn-text-icon\"><\/span>\n<\/a>[\/vc_column][vc_column offset=&#8220;vc_col-md-4&#8243;][vc_empty_space height=&#8220;60px&#8220;][vc_empty_space height=&#8220;37px&#8220;][vc_column_text]<\/p>\n<h2>WAS BIETEN WIR AN<\/h2>\n<p>[\/vc_column_text][vc_empty_space height=&#8220;19px&#8220;][vc_column_text css=&#8220;.vc_custom_1526305335281{border-radius: 3px !important;}&#8220;]<\/p>\n<p style=\"text-align: justify;\">Wir besorgen f\u00fcr Sie die Herstellung von Bauteilen mit verschiedener Bearbeitung oder Schwei\u00dfst\u00fccken, entsprechend Ihrer Spezifikation. Dank den langj\u00e4hrigen Aktivit\u00e4ten im Maschinenbau verf\u00fcgen wir \u00fcber ein breites Portfolio von Produktionsfirmen, die die Kapazit\u00e4ten f\u00fcr die verschiedensten Technologien anbieten. Sollten Sie eine Technologie verlangen,&#8230;<\/p>\n<p>[\/vc_column_text][vc_empty_space height=&#8220;20px&#8220;]<a href=\"http:\/\/www.apreng.eu\/de\/was-bieten-wir-an\/\" target=\"_self\"  class=\"qodef-btn qodef-btn-medium qodef-btn-default\"  >\n        <span class=\"qodef-btn-text\">MEHR INFOS<\/span>\n    <span class=\"qodef-btn-text-icon\"><\/span>\n<\/a>[\/vc_column][vc_column offset=&#8220;vc_col-md-4&#8243;][vc_empty_space height=&#8220;60px&#8220;][vc_empty_space height=&#8220;37px&#8220;][vc_column_text]<\/p>\n<h2>WARUM MIT UNS<\/h2>\n<p>[\/vc_column_text][vc_empty_space height=&#8220;19px&#8220;][vc_column_text]<\/p>\n<p style=\"text-align: justify;\">Die Kenntnis des Maschinenbauumfelds sowie der aktuellen Kapazit\u00e4tsm\u00f6glichkeiten der Herstellungsfirmen in der Tschechischen Republik gibt uns die Voraussetzung daf\u00fcr, ein n\u00fctzlicher Partner f\u00fcr Maschinen- und Anlagenhersteller in Westeuropa zu sein. Die Tschechische Republik hat im Maschinenbau langfristig einen sehr guten Ruf. Dank der langj\u00e4hrigen Tradition&#8230;<\/p>\n<p>[\/vc_column_text][vc_empty_space height=&#8220;20px&#8220;]<a href=\"http:\/\/www.apreng.eu\/de\/was-bieten-wir-an\/\" target=\"_self\"  class=\"qodef-btn qodef-btn-medium qodef-btn-default\"  >\n        <span class=\"qodef-btn-text\">MEHR INFOS<\/span>\n    <span class=\"qodef-btn-text-icon\"><\/span>\n<\/a>[\/vc_column][\/vc_row][vc_row][vc_empty_space height=&#8220;35px&#8220;][\/vc_row][vc_row][vc_column]<link href=\"https:\/\/fonts.googleapis.com\/css?family=Open+Sans:700%2C400%2C600\" rel=\"stylesheet\" property=\"stylesheet\" type=\"text\/css\" media=\"all\">\n<div id=\"rev_slider_20_1_wrapper\" class=\"rev_slider_wrapper fullwidthbanner-container\" data-source=\"gallery\" style=\"margin:0px auto;background:transparent;padding:0px;margin-top:0px;margin-bottom:0px;\">\n<!-- START REVOLUTION SLIDER 5.4.7.2 fullwidth mode -->\n\t<div id=\"rev_slider_20_1\" class=\"rev_slider fullwidthabanner\" style=\"display:none;\" data-version=\"5.4.7.2\">\n<ul>\t<!-- SLIDE  -->\n\t<li data-index=\"rs-20\" data-transition=\"notransition\" data-slotamount=\"default\" data-hideafterloop=\"0\" data-hideslideonmobile=\"off\"  data-easein=\"default\" data-easeout=\"default\" data-masterspeed=\"default\"  data-thumb=\"https:\/\/apreng.eu\/wp-content\/uploads\/2015\/10\/callout-odeslat-poptavku-100x50.jpg\"  data-rotate=\"0\"  data-saveperformance=\"off\"  data-title=\"Slide\" data-param1=\"\" data-param2=\"\" data-param3=\"\" data-param4=\"\" data-param5=\"\" data-param6=\"\" data-param7=\"\" data-param8=\"\" data-param9=\"\" data-param10=\"\" data-description=\"\">\n\t\t<!-- MAIN IMAGE -->\n\t\t<img loading=\"lazy\" decoding=\"async\" src=\"https:\/\/apreng.eu\/wp-content\/uploads\/2015\/10\/callout-odeslat-poptavku.jpg\"  alt=\"\"  width=\"1920\" height=\"486\" data-bgposition=\"center center\" data-bgfit=\"cover\" data-bgrepeat=\"no-repeat\" class=\"rev-slidebg\" data-no-retina>\n\t\t<!-- LAYERS -->\n\n\t\t<!-- LAYER NR. 1 -->\n\t\t<div class=\"tp-caption News-Title   tp-resizeme\" \n\t\t\t id=\"slide-20-layer-1\" \n\t\t\t data-x=\"46\" \n\t\t\t data-y=\"65\" \n\t\t\t\t\t\tdata-width=\"['738']\"\n\t\t\tdata-height=\"['111']\"\n \n\t\t\tdata-type=\"text\" \n\t\t\tdata-responsive_offset=\"on\" \n\n\t\t\tdata-frames='[{\"delay\":0,\"speed\":220,\"frame\":\"0\",\"from\":\"opacity:0;\",\"to\":\"o:1;\",\"ease\":\"Power2.easeInOut\"},{\"delay\":\"wait\",\"speed\":300,\"frame\":\"999\",\"to\":\"opacity:0;\",\"ease\":\"nothing\"}]'\n\t\t\tdata-textAlign=\"['left','left','left','left']\"\n\t\t\tdata-paddingtop=\"[0,0,0,0]\"\n\t\t\tdata-paddingright=\"[0,0,0,0]\"\n\t\t\tdata-paddingbottom=\"[0,0,0,0]\"\n\t\t\tdata-paddingleft=\"[0,0,0,0]\"\n\n\t\t\tstyle=\"z-index: 5; min-width: 738px; max-width: 738px; max-width: 111px; max-width: 111px; white-space: normal; font-size: 45px; line-height: 55px; font-weight: 700; letter-spacing: ;font-family:Open Sans;\">SCHICKEN SIE UNS BITTE EINE<br>\n UNVERBINDLICHE NACHFRAGE <\/div>\n\n\t\t<!-- LAYER NR. 2 -->\n\t\t<h4 class=\"tp-caption   tp-resizeme\" \n\t\t\t id=\"slide-20-layer-2\" \n\t\t\t data-x=\"49\" \n\t\t\t data-y=\"186\" \n\t\t\t\t\t\tdata-width=\"['723']\"\n\t\t\tdata-height=\"['95']\"\n \n\t\t\tdata-type=\"text\" \n\t\t\tdata-responsive_offset=\"on\" \n\n\t\t\tdata-frames='[{\"delay\":0,\"speed\":220,\"frame\":\"0\",\"from\":\"opacity:0;\",\"to\":\"o:1;\",\"ease\":\"Power2.easeInOut\"},{\"delay\":\"wait\",\"speed\":300,\"frame\":\"999\",\"to\":\"opacity:0;\",\"ease\":\"nothing\"}]'\n\t\t\tdata-textAlign=\"['left','left','left','left']\"\n\t\t\tdata-paddingtop=\"[0,0,0,0]\"\n\t\t\tdata-paddingright=\"[0,0,0,0]\"\n\t\t\tdata-paddingbottom=\"[0,0,0,0]\"\n\t\t\tdata-paddingleft=\"[0,0,0,0]\"\n\n\t\t\tstyle=\"z-index: 6; min-width: 723px; max-width: 723px; max-width: 95px; max-width: 95px; white-space: normal; font-size: 24px; line-height: 30px; font-weight: 400; color: rgba(255,255,255,1); letter-spacing: ;font-family:Open Sans;\"><div style=\"text-align: justify;\">Schicken Sie uns bitte eine unverbindliche Nachfrage mit der Zeichnung und der vorgesehenen Menge, und wir senden Ihnen unser Preisangebot so bald wie m\u00f6glich zur\u00fcck.<\/div> <\/h4>\n\n\t\t<!-- LAYER NR. 3 -->\n\t\t<a class=\"tp-caption rev-btn  tp-resizeme\" \n href=\"mailto: info@apreng.eu\" target=\"_self\"\t\t\t id=\"slide-20-layer-10\" \n\t\t\t data-x=\"52\" \n\t\t\t data-y=\"299\" \n\t\t\t\t\t\tdata-width=\"['274']\"\n\t\t\tdata-height=\"['auto']\"\n \n\t\t\tdata-type=\"button\" \n\t\t\tdata-actions=''\n\t\t\tdata-responsive_offset=\"on\" \n\n\t\t\tdata-frames='[{\"delay\":500,\"speed\":300,\"frame\":\"0\",\"from\":\"opacity:0;\",\"to\":\"o:1;\",\"ease\":\"Power2.easeInOut\"},{\"delay\":\"wait\",\"speed\":300,\"frame\":\"999\",\"to\":\"opacity:0;\",\"ease\":\"nothing\"},{\"frame\":\"hover\",\"speed\":\"0\",\"ease\":\"Linear.easeNone\",\"to\":\"o:1;rX:0;rY:0;rZ:0;z:0;\",\"style\":\"c:rgba(255,255,255,1);bg:rgba(0,51,102,1);\"}]'\n\t\t\tdata-textAlign=\"['center','center','center','center']\"\n\t\t\tdata-paddingtop=\"[12,12,12,12]\"\n\t\t\tdata-paddingright=\"[35,35,35,35]\"\n\t\t\tdata-paddingbottom=\"[12,12,12,12]\"\n\t\t\tdata-paddingleft=\"[35,35,35,35]\"\n\n\t\t\tstyle=\"z-index: 7; min-width: 274px; max-width: 274px; white-space: normal; font-size: 18px; line-height: 17px; font-weight: 600; color: rgba(255,255,255,1); letter-spacing: ;font-family:Open Sans;border-color:rgba(255,255,255,1);border-style:solid;border-width:2px 2px 2px 2px;outline:none;box-shadow:none;box-sizing:border-box;-moz-box-sizing:border-box;-webkit-box-sizing:border-box;cursor:pointer;text-decoration: none;\">nachfrage absenden <\/a>\n\t<\/li>\n<\/ul>\n<div class=\"tp-bannertimer tp-bottom\" style=\"visibility: hidden !important;\"><\/div>\t<\/div>\n<script>var htmlDiv = document.getElementById(\"rs-plugin-settings-inline-css\"); var htmlDivCss=\".tp-caption.News-Title,.News-Title{color:rgba(255,255,255,1.00);font-size:70px;line-height:60px;font-weight:400;font-style:normal;font-family:Roboto Slab;text-decoration:none;background-color:transparent;border-color:transparent;border-style:none;border-width:0px;border-radius:0px 0px 0px 0px}\";\r\n\t\t\t\tif(htmlDiv) {\r\n\t\t\t\t\thtmlDiv.innerHTML = htmlDiv.innerHTML + htmlDivCss;\r\n\t\t\t\t}else{\r\n\t\t\t\t\tvar htmlDiv = document.createElement(\"div\");\r\n\t\t\t\t\thtmlDiv.innerHTML = \"<style>\" + htmlDivCss + \"<\/style>\";\r\n\t\t\t\t\tdocument.getElementsByTagName(\"head\")[0].appendChild(htmlDiv.childNodes[0]);\r\n\t\t\t\t}\r\n\t\t\t<\/script>\n\t\t<script type=\"text\/javascript\">\r\nif (setREVStartSize!==undefined) setREVStartSize(\r\n\t{c: '#rev_slider_20_1', gridwidth: [1345], gridheight: [440], sliderLayout: 'fullwidth'});\r\n\t\t\t\r\nvar revapi20,\r\n\ttpj;\t\r\n(function() {\t\t\t\r\n\tif (!\/loaded|interactive|complete\/.test(document.readyState)) document.addEventListener(\"DOMContentLoaded\",onLoad); else onLoad();\t\r\n\tfunction onLoad() {\t\t\t\t\r\n\t\tif (tpj===undefined) { tpj = jQuery; if(\"off\" == \"on\") tpj.noConflict();}\r\n\tif(tpj(\"#rev_slider_20_1\").revolution == undefined){\n\t\trevslider_showDoubleJqueryError(\"#rev_slider_20_1\");\n\t}else{\n\t\trevapi20 = tpj(\"#rev_slider_20_1\").show().revolution({\n\t\t\tsliderType:\"hero\",\n\t\t\tjsFileLocation:\"\/\/apreng.eu\/wp-content\/plugins\/revslider\/public\/assets\/js\/\",\n\t\t\tsliderLayout:\"fullwidth\",\n\t\t\tdottedOverlay:\"none\",\n\t\t\tdelay:9000,\n\t\t\tvisibilityLevels:[1240,1024,778,480],\n\t\t\tgridwidth:1345,\n\t\t\tgridheight:440,\n\t\t\tlazyType:\"none\",\n\t\t\tshadow:0,\n\t\t\tspinner:\"off\",\n\t\t\tautoHeight:\"off\",\n\t\t\tdisableProgressBar:\"on\",\n\t\t\thideThumbsOnMobile:\"on\",\n\t\t\thideSliderAtLimit:0,\n\t\t\thideCaptionAtLimit:0,\n\t\t\thideAllCaptionAtLilmit:0,\n\t\t\tdebugMode:false,\n\t\t\tfallbacks: {\n\t\t\t\tsimplifyAll:\"off\",\n\t\t\t\tdisableFocusListener:false,\n\t\t\t}\n\t\t});\n\t}; \/* END OF revapi call *\/\n\t\n }; \/* END OF ON LOAD FUNCTION *\/\r\n}()); \/* END OF WRAPPING FUNCTION *\/\r\n<\/script>\r\n\t\t<\/div><!-- END REVOLUTION SLIDER -->[\/vc_column][\/vc_row]<\/p>\n","protected":false},"excerpt":{"rendered":"<p>[vc_row content_width=&#8220;grid&#8220; content_aligment=&#8220;center&#8220; css=&#8220;.vc_custom_1446636205173{border-top-width: 0px !important;padding-bottom: 30px !important;background-color: #ffffff !important;}&#8220;][vc_column offset=&#8220;vc_col-md-4&#8243;][vc_empty_space height=&#8220;60px&#8220;][vc_empty_space height=&#8220;37px&#8220;][vc_column_text] \u00dcBER UNS [\/vc_column_text][vc_empty_space height=&#8220;19px&#8220;][vc_column_text] Firma APRENG Technology, s&#8230;.<\/p>\n","protected":false},"author":1,"featured_media":0,"parent":0,"menu_order":0,"comment_status":"closed","ping_status":"closed","template":"full-width.php","meta":{"footnotes":""},"_links":{"self":[{"href":"https:\/\/apreng.eu\/de\/wp-json\/wp\/v2\/pages\/4570"}],"collection":[{"href":"https:\/\/apreng.eu\/de\/wp-json\/wp\/v2\/pages"}],"about":[{"href":"https:\/\/apreng.eu\/de\/wp-json\/wp\/v2\/types\/page"}],"author":[{"embeddable":true,"href":"https:\/\/apreng.eu\/de\/wp-json\/wp\/v2\/users\/1"}],"replies":[{"embeddable":true,"href":"https:\/\/apreng.eu\/de\/wp-json\/wp\/v2\/comments?post=4570"}],"version-history":[{"count":16,"href":"https:\/\/apreng.eu\/de\/wp-json\/wp\/v2\/pages\/4570\/revisions"}],"predecessor-version":[{"id":5183,"href":"https:\/\/apreng.eu\/de\/wp-json\/wp\/v2\/pages\/4570\/revisions\/5183"}],"wp:attachment":[{"href":"https:\/\/apreng.eu\/de\/wp-json\/wp\/v2\/media?parent=4570"}],"curies":[{"name":"wp","href":"https:\/\/api.w.org\/{rel}","templated":true}]}}